{"id":409,"date":"2018-02-02T17:03:39","date_gmt":"2018-02-02T15:03:39","guid":{"rendered":"https:\/\/amwinesteps.gr\/product\/uncategorized\/vinsanto\/"},"modified":"2018-02-02T17:03:39","modified_gmt":"2018-02-02T15:03:39","slug":"vinsanto","status":"publish","type":"product","link":"https:\/\/amwinesteps.gr\/en\/product\/vinsanto\/","title":{"rendered":"VINSANTO"},"content":{"rendered":"<ul>\n<li>PDO Santorini<\/li>\n<li>Variety: Assyrtiko 85% with 15% Aidani<\/li>\n<li>Source of grapes: Grapes are sourced from old vines averaging 100 years of age from vineyards in the villages of Megalochori, Pyrgos, Exo Gonia and Akrotiri.<\/li>\n<li>Winemaking: The grapes are left to sun-dry in a traditional way for 9 to 14 days under the hot sun of Santorini in order to evaporate the juice losing their weight and concentrate their amount of sugar, acidity levels and flavors. Fermentation follows in tanks and lasts for several days. It stops spontaneously leaving a significant amount of residual sugars. Maturation takes place in old French oak barrels of 225lt and 500lt for at least 90 months<\/li>\n<li>Description: Dense and complex aromas of dried fruits, chocolate, caramel, espresso coffee and nuts. Luscious on the palate, yet not cloying with \u201ckicking\u201d acidity levels. Exuberant and complex lingering finish. This mahogany colored wine-elixir concentrates all the special traits of Santorini\u2019s unique terroir.<\/li>\n<li>Ageing potential: 10+ years after bottling<\/li>\n<li>Distinctions:<br \/>\n2007: Gold Medal _\u03a4EXSOM IWA 2016 , Gold Medal _18th Mundus Vini<br \/>\n2006: Robert Parker (Mark Squires): 94, Gold Medal _17th Mundus Vini<br \/>\n2005: Silver Medal _Mundus Vini 2009 and 2010<br \/>\n2004: Gold Medal _ 14th Thessaloniki IWC<\/li>\n<li>Serving and food pairing: Served at 7-9\u00b0C. You can enjoy it on its own after a lovely dinner. But it will be a heavenly-made pairing with chocolate desserts, cr\u00e8me br\u00fbl\u00e9e and greek \u201cbaklava\u201d or semolina halva. It will also greatly withstand the antithesis of serving it next to savory dishes such as Roquefort, kopanisti or matured graviera cheese, quiche lorraine or even with prosciutto and dried figs.<\/li>\n<\/ul>\n","protected":false},"excerpt":{"rendered":"<p>PDO Santorini Variety: Assyrtiko 85% with 15% Aidani Source of grapes: Grapes are sourced from old vines averaging 100 years of age from vineyards in the villages of Megalochori, Pyrgos, Exo Gonia and Akrotiri. Winemaking: The grapes are left to sun-dry in a traditional way for 9 to 14 days under the hot sun of [&hellip;]<\/p>\n","protected":false},"featured_media":377,"template":"","meta":{"_genesis_hide_title":false,"_genesis_hide_breadcrumbs":false,"_genesis_hide_singular_image":false,"_genesis_hide_footer_widgets":false,"_genesis_custom_body_class":"","_genesis_custom_post_class":"","_genesis_layout":""},"product_cat":[38,33],"product_tag":[],"_links":{"self":[{"href":"https:\/\/amwinesteps.gr\/en\/wp-json\/wp\/v2\/product\/409"}],"collection":[{"href":"https:\/\/amwinesteps.gr\/en\/wp-json\/wp\/v2\/product"}],"about":[{"href":"https:\/\/amwinesteps.gr\/en\/wp-json\/wp\/v2\/types\/product"}],"wp:featuredmedia":[{"embeddable":true,"href":"https:\/\/amwinesteps.gr\/en\/wp-json\/wp\/v2\/media\/377"}],"wp:attachment":[{"href":"https:\/\/amwinesteps.gr\/en\/wp-json\/wp\/v2\/media?parent=409"}],"wp:term":[{"taxonomy":"product_cat","embeddable":true,"href":"https:\/\/amwinesteps.gr\/en\/wp-json\/wp\/v2\/product_cat?post=409"},{"taxonomy":"product_tag","embeddable":true,"href":"https:\/\/amwinesteps.gr\/en\/wp-json\/wp\/v2\/product_tag?post=409"}],"curies":[{"name":"wp","href":"https:\/\/api.w.org\/{rel}","templated":true}]}}